{"id":9789,"date":"2025-12-19T20:43:09","date_gmt":"2025-12-19T23:43:09","guid":{"rendered":"https:\/\/electricacorsil.cl\/product\/cable-eva-2-5-mm2-blanco-1000m-carrete\/"},"modified":"2026-02-09T12:27:14","modified_gmt":"2026-02-09T15:27:14","slug":"cable-eva-2-5-mm2-blanco-1000m-carrete","status":"publish","type":"product","link":"https:\/\/electricacorsil.cl\/en\/product\/cable-eva-2-5-mm2-blanco-1000m-carrete\/","title":{"rendered":"CABLE EVA 2.5 MM2 BLANCO 1000M\/CARRETE"},"content":{"rendered":"<p><strong>CABLE EVA 2.5 MM2 BLANCO 1000M\/CARRETE<\/strong><\/p>\n<ul>\n<li>Tipo: Producto<\/li>\n<li>Categor\u00eda: CABLES<\/li>\n<li>Materiales resistentes y terminaci\u00f3n prolija para una instalaci\u00f3n durable<\/li>\n<li>Recomendado para proyectos residenciales y comerciales<\/li>\n<\/ul>\n<p>Producto confiable para una instalaci\u00f3n segura y ordenada. Soporte postventa y entrega r\u00e1pida.<\/p>","protected":false},"excerpt":{"rendered":"<p>CABLE EVA 2.5 MM2 BLANCO 1000M\/CARRETE Tipo: Producto Categor\u00eda: CABLES Materiales resistentes y terminaci\u00f3n prolija para una instalaci\u00f3n durable Recomendado para proyectos residenciales y comerciales Producto confiable para una instalaci\u00f3n<\/p>","protected":false},"featured_media":9188,"comment_status":"closed","ping_status":"open","template":"","meta":{"_acf_changed":false},"product_brand":[],"product_cat":[740],"product_tag":[],"class_list":{"0":"post-9789","1":"product","2":"type-product","3":"status-publish","4":"has-post-thumbnail","6":"product_cat-cables","8":"first","9":"instock","10":"purchasable","11":"product-type-simple"},"acf":[],"_links":{"self":[{"href":"https:\/\/electricacorsil.cl\/en\/wp-json\/wp\/v2\/product\/9789","targetHints":{"allow":["GET"]}}],"collection":[{"href":"https:\/\/electricacorsil.cl\/en\/wp-json\/wp\/v2\/product"}],"about":[{"href":"https:\/\/electricacorsil.cl\/en\/wp-json\/wp\/v2\/types\/product"}],"replies":[{"embeddable":true,"href":"https:\/\/electricacorsil.cl\/en\/wp-json\/wp\/v2\/comments?post=9789"}],"version-history":[{"count":1,"href":"https:\/\/electricacorsil.cl\/en\/wp-json\/wp\/v2\/product\/9789\/revisions"}],"predecessor-version":[{"id":9790,"href":"https:\/\/electricacorsil.cl\/en\/wp-json\/wp\/v2\/product\/9789\/revisions\/9790"}],"wp:featuredmedia":[{"embeddable":true,"href":"https:\/\/electricacorsil.cl\/en\/wp-json\/wp\/v2\/media\/9188"}],"wp:attachment":[{"href":"https:\/\/electricacorsil.cl\/en\/wp-json\/wp\/v2\/media?parent=9789"}],"wp:term":[{"taxonomy":"product_brand","embeddable":true,"href":"https:\/\/electricacorsil.cl\/en\/wp-json\/wp\/v2\/product_brand?post=9789"},{"taxonomy":"product_cat","embeddable":true,"href":"https:\/\/electricacorsil.cl\/en\/wp-json\/wp\/v2\/product_cat?post=9789"},{"taxonomy":"product_tag","embeddable":true,"href":"https:\/\/electricacorsil.cl\/en\/wp-json\/wp\/v2\/product_tag?post=9789"}],"curies":[{"name":"wp","href":"https:\/\/api.w.org\/{rel}","templated":true}]}}