{"id":9237,"date":"2025-12-19T20:40:07","date_gmt":"2025-12-19T23:40:07","guid":{"rendered":"https:\/\/electricacorsil.cl\/product\/sirena-120db-220v-gris\/"},"modified":"2026-02-09T12:28:00","modified_gmt":"2026-02-09T15:28:00","slug":"sirena-120db-220v-gris","status":"publish","type":"product","link":"https:\/\/electricacorsil.cl\/en\/product\/sirena-120db-220v-gris\/","title":{"rendered":"SIRENA 120dB 220V GRIS"},"content":{"rendered":"<p><strong>SIRENA 120dB 220V GRIS<\/strong><\/p>\n<ul>\n<li>Tipo: Producto<\/li>\n<li>Categor\u00eda: SIRENAS<\/li>\n<li>Tensi\u00f3n: 220V<\/li>\n<li>Materiales resistentes y terminaci\u00f3n prolija para una instalaci\u00f3n durable<\/li>\n<li>Recomendado para proyectos residenciales y comerciales<\/li>\n<\/ul>\n<p>Producto confiable para una instalaci\u00f3n segura y ordenada. Soporte postventa y entrega r\u00e1pida.<\/p>","protected":false},"excerpt":{"rendered":"<p>SIRENA 120dB 220V GRIS Tipo: Producto Categor\u00eda: SIRENAS Tensi\u00f3n: 220V Materiales resistentes y terminaci\u00f3n prolija para una instalaci\u00f3n durable Recomendado para proyectos residenciales y comerciales Producto confiable para una instalaci\u00f3n<\/p>","protected":false},"featured_media":9100,"comment_status":"closed","ping_status":"open","template":"","meta":{"_acf_changed":false},"product_brand":[],"product_cat":[698],"product_tag":[],"class_list":{"0":"post-9237","1":"product","2":"type-product","3":"status-publish","4":"has-post-thumbnail","6":"product_cat-sirenas","8":"first","9":"instock","10":"purchasable","11":"product-type-simple"},"acf":[],"_links":{"self":[{"href":"https:\/\/electricacorsil.cl\/en\/wp-json\/wp\/v2\/product\/9237","targetHints":{"allow":["GET"]}}],"collection":[{"href":"https:\/\/electricacorsil.cl\/en\/wp-json\/wp\/v2\/product"}],"about":[{"href":"https:\/\/electricacorsil.cl\/en\/wp-json\/wp\/v2\/types\/product"}],"replies":[{"embeddable":true,"href":"https:\/\/electricacorsil.cl\/en\/wp-json\/wp\/v2\/comments?post=9237"}],"version-history":[{"count":1,"href":"https:\/\/electricacorsil.cl\/en\/wp-json\/wp\/v2\/product\/9237\/revisions"}],"predecessor-version":[{"id":9238,"href":"https:\/\/electricacorsil.cl\/en\/wp-json\/wp\/v2\/product\/9237\/revisions\/9238"}],"wp:featuredmedia":[{"embeddable":true,"href":"https:\/\/electricacorsil.cl\/en\/wp-json\/wp\/v2\/media\/9100"}],"wp:attachment":[{"href":"https:\/\/electricacorsil.cl\/en\/wp-json\/wp\/v2\/media?parent=9237"}],"wp:term":[{"taxonomy":"product_brand","embeddable":true,"href":"https:\/\/electricacorsil.cl\/en\/wp-json\/wp\/v2\/product_brand?post=9237"},{"taxonomy":"product_cat","embeddable":true,"href":"https:\/\/electricacorsil.cl\/en\/wp-json\/wp\/v2\/product_cat?post=9237"},{"taxonomy":"product_tag","embeddable":true,"href":"https:\/\/electricacorsil.cl\/en\/wp-json\/wp\/v2\/product_tag?post=9237"}],"curies":[{"name":"wp","href":"https:\/\/api.w.org\/{rel}","templated":true}]}}