{"id":8971,"date":"2025-09-07T05:57:24","date_gmt":"2025-09-07T08:57:24","guid":{"rendered":"https:\/\/electricacorsil.cl\/product\/ferrul-e4009-12awg-naranja-bolsa-de-100un\/"},"modified":"2026-02-09T12:28:06","modified_gmt":"2026-02-09T15:28:06","slug":"ferrul-e4009-12awg-naranja-bolsa-de-100un","status":"publish","type":"product","link":"https:\/\/electricacorsil.cl\/en\/product\/ferrul-e4009-12awg-naranja-bolsa-de-100un\/","title":{"rendered":"FERRUL E4009 12AWG NARANJA (BOLSA DE 100UN)"},"content":{"rendered":"<p><strong>FERRUL E4009 12AWG NARANJA (BOLSA DE 100UN)<\/strong><\/p>\n<ul>\n<li>Tipo: Accesorio el\u00e9ctrico de la l\u00ednea<\/li>\n<li>Amperaje: 12A<\/li>\n<li>Compatibilidad: L\u00ednea residencial est\u00e1ndar<\/li>\n<li>Instalaci\u00f3n empotrada y terminaci\u00f3n de alta resistencia<\/li>\n<li>Apto para uso residencial y comercial<\/li>\n<\/ul>\n<p>Producto confiable, dise\u00f1ado para instalaciones seguras y duraderas. Garant\u00eda legal y soporte postventa.<\/p>","protected":false},"excerpt":{"rendered":"<p>FERRUL E4009 12AWG NARANJA (BOLSA DE 100UN) Tipo: Accesorio el\u00e9ctrico de la l\u00ednea Amperaje: 12A Compatibilidad: L\u00ednea residencial est\u00e1ndar Instalaci\u00f3n empotrada y terminaci\u00f3n de alta resistencia Apto para uso residencial<\/p>","protected":false},"featured_media":8328,"comment_status":"closed","ping_status":"open","template":"","meta":{"_acf_changed":false},"product_brand":[],"product_cat":[688],"product_tag":[],"class_list":{"0":"post-8971","1":"product","2":"type-product","3":"status-publish","4":"has-post-thumbnail","6":"product_cat-ferrul","8":"first","9":"instock","10":"purchasable","11":"product-type-simple"},"acf":[],"_links":{"self":[{"href":"https:\/\/electricacorsil.cl\/en\/wp-json\/wp\/v2\/product\/8971","targetHints":{"allow":["GET"]}}],"collection":[{"href":"https:\/\/electricacorsil.cl\/en\/wp-json\/wp\/v2\/product"}],"about":[{"href":"https:\/\/electricacorsil.cl\/en\/wp-json\/wp\/v2\/types\/product"}],"replies":[{"embeddable":true,"href":"https:\/\/electricacorsil.cl\/en\/wp-json\/wp\/v2\/comments?post=8971"}],"version-history":[{"count":1,"href":"https:\/\/electricacorsil.cl\/en\/wp-json\/wp\/v2\/product\/8971\/revisions"}],"predecessor-version":[{"id":10157,"href":"https:\/\/electricacorsil.cl\/en\/wp-json\/wp\/v2\/product\/8971\/revisions\/10157"}],"wp:featuredmedia":[{"embeddable":true,"href":"https:\/\/electricacorsil.cl\/en\/wp-json\/wp\/v2\/media\/8328"}],"wp:attachment":[{"href":"https:\/\/electricacorsil.cl\/en\/wp-json\/wp\/v2\/media?parent=8971"}],"wp:term":[{"taxonomy":"product_brand","embeddable":true,"href":"https:\/\/electricacorsil.cl\/en\/wp-json\/wp\/v2\/product_brand?post=8971"},{"taxonomy":"product_cat","embeddable":true,"href":"https:\/\/electricacorsil.cl\/en\/wp-json\/wp\/v2\/product_cat?post=8971"},{"taxonomy":"product_tag","embeddable":true,"href":"https:\/\/electricacorsil.cl\/en\/wp-json\/wp\/v2\/product_tag?post=8971"}],"curies":[{"name":"wp","href":"https:\/\/api.w.org\/{rel}","templated":true}]}}