{"id":8902,"date":"2025-09-07T05:56:51","date_gmt":"2025-09-07T08:56:51","guid":{"rendered":"https:\/\/electricacorsil.cl\/product\/borne-de-conexion-de-10mm2-placa-terminal\/"},"modified":"2026-02-09T12:28:11","modified_gmt":"2026-02-09T15:28:11","slug":"borne-de-conexion-de-10mm2-placa-terminal","status":"publish","type":"product","link":"https:\/\/electricacorsil.cl\/en\/product\/borne-de-conexion-de-10mm2-placa-terminal\/","title":{"rendered":"BORNE DE CONEXION DE 10MM2 (PLACA TERMINAL)"},"content":{"rendered":"<p><strong>BORNE DE CONEXION DE 10MM2 (PLACA TERMINAL)<\/strong><\/p>\n<ul>\n<li>Tipo: Placa\/embellecedor<\/li>\n<li>Compatibilidad: L\u00ednea residencial est\u00e1ndar<\/li>\n<li>Instalaci\u00f3n empotrada y terminaci\u00f3n de alta resistencia<\/li>\n<li>Apto para uso residencial y comercial<\/li>\n<\/ul>\n<p>Producto confiable, dise\u00f1ado para instalaciones seguras y duraderas. Garant\u00eda legal y soporte postventa.<\/p>","protected":false},"excerpt":{"rendered":"<p>BORNE DE CONEXION DE 10MM2 (PLACA TERMINAL) Tipo: Placa\/embellecedor Compatibilidad: L\u00ednea residencial est\u00e1ndar Instalaci\u00f3n empotrada y terminaci\u00f3n de alta resistencia Apto para uso residencial y comercial Producto confiable, dise\u00f1ado para<\/p>","protected":false},"featured_media":8311,"comment_status":"closed","ping_status":"open","template":"","meta":{"_acf_changed":false},"product_brand":[],"product_cat":[678],"product_tag":[],"class_list":{"0":"post-8902","1":"product","2":"type-product","3":"status-publish","4":"has-post-thumbnail","6":"product_cat-bornes-conexion","8":"first","9":"instock","10":"purchasable","11":"product-type-simple"},"acf":[],"_links":{"self":[{"href":"https:\/\/electricacorsil.cl\/en\/wp-json\/wp\/v2\/product\/8902","targetHints":{"allow":["GET"]}}],"collection":[{"href":"https:\/\/electricacorsil.cl\/en\/wp-json\/wp\/v2\/product"}],"about":[{"href":"https:\/\/electricacorsil.cl\/en\/wp-json\/wp\/v2\/types\/product"}],"replies":[{"embeddable":true,"href":"https:\/\/electricacorsil.cl\/en\/wp-json\/wp\/v2\/comments?post=8902"}],"version-history":[{"count":1,"href":"https:\/\/electricacorsil.cl\/en\/wp-json\/wp\/v2\/product\/8902\/revisions"}],"predecessor-version":[{"id":10208,"href":"https:\/\/electricacorsil.cl\/en\/wp-json\/wp\/v2\/product\/8902\/revisions\/10208"}],"wp:featuredmedia":[{"embeddable":true,"href":"https:\/\/electricacorsil.cl\/en\/wp-json\/wp\/v2\/media\/8311"}],"wp:attachment":[{"href":"https:\/\/electricacorsil.cl\/en\/wp-json\/wp\/v2\/media?parent=8902"}],"wp:term":[{"taxonomy":"product_brand","embeddable":true,"href":"https:\/\/electricacorsil.cl\/en\/wp-json\/wp\/v2\/product_brand?post=8902"},{"taxonomy":"product_cat","embeddable":true,"href":"https:\/\/electricacorsil.cl\/en\/wp-json\/wp\/v2\/product_cat?post=8902"},{"taxonomy":"product_tag","embeddable":true,"href":"https:\/\/electricacorsil.cl\/en\/wp-json\/wp\/v2\/product_tag?post=8902"}],"curies":[{"name":"wp","href":"https:\/\/api.w.org\/{rel}","templated":true}]}}