{"id":8543,"date":"2025-09-07T05:53:28","date_gmt":"2025-09-07T08:53:28","guid":{"rendered":"https:\/\/electricacorsil.cl\/product\/caja-de-piso-pop-up-metalica-2-enchufes-10-16a\/"},"modified":"2026-02-09T12:28:46","modified_gmt":"2026-02-09T15:28:46","slug":"caja-de-piso-pop-up-metalica-2-enchufes-10-16a","status":"publish","type":"product","link":"https:\/\/electricacorsil.cl\/en\/product\/caja-de-piso-pop-up-metalica-2-enchufes-10-16a\/","title":{"rendered":"CAJA DE PISO POP-UP METALICA 2 ENCHUFES 10\/16A"},"content":{"rendered":"<p><strong>CAJA DE PISO POP-UP METALICA 2 ENCHUFES 10\/16A<\/strong><\/p>\n<ul>\n<li>Tipo: Enchufe\/tomacorriente<\/li>\n<li>Amperaje: 16A<\/li>\n<li>Compatibilidad: L\u00ednea residencial est\u00e1ndar<\/li>\n<li>Instalaci\u00f3n empotrada y terminaci\u00f3n de alta resistencia<\/li>\n<li>Apto para uso residencial y comercial<\/li>\n<\/ul>\n<p>Producto confiable, dise\u00f1ado para instalaciones seguras y duraderas. Garant\u00eda legal y soporte postventa.<\/p>","protected":false},"excerpt":{"rendered":"<p>CAJA DE PISO POP-UP METALICA 2 ENCHUFES 10\/16A Tipo: Enchufe\/tomacorriente Amperaje: 16A Compatibilidad: L\u00ednea residencial est\u00e1ndar Instalaci\u00f3n empotrada y terminaci\u00f3n de alta resistencia Apto para uso residencial y comercial Producto<\/p>","protected":false},"featured_media":8195,"comment_status":"closed","ping_status":"open","template":"","meta":{"_acf_changed":false},"product_brand":[],"product_cat":[647],"product_tag":[],"class_list":{"0":"post-8543","1":"product","2":"type-product","3":"status-publish","4":"has-post-thumbnail","6":"product_cat-enchufes-de-piso","8":"first","9":"instock","10":"purchasable","11":"product-type-simple"},"acf":[],"_links":{"self":[{"href":"https:\/\/electricacorsil.cl\/en\/wp-json\/wp\/v2\/product\/8543","targetHints":{"allow":["GET"]}}],"collection":[{"href":"https:\/\/electricacorsil.cl\/en\/wp-json\/wp\/v2\/product"}],"about":[{"href":"https:\/\/electricacorsil.cl\/en\/wp-json\/wp\/v2\/types\/product"}],"replies":[{"embeddable":true,"href":"https:\/\/electricacorsil.cl\/en\/wp-json\/wp\/v2\/comments?post=8543"}],"version-history":[{"count":1,"href":"https:\/\/electricacorsil.cl\/en\/wp-json\/wp\/v2\/product\/8543\/revisions"}],"predecessor-version":[{"id":10569,"href":"https:\/\/electricacorsil.cl\/en\/wp-json\/wp\/v2\/product\/8543\/revisions\/10569"}],"wp:featuredmedia":[{"embeddable":true,"href":"https:\/\/electricacorsil.cl\/en\/wp-json\/wp\/v2\/media\/8195"}],"wp:attachment":[{"href":"https:\/\/electricacorsil.cl\/en\/wp-json\/wp\/v2\/media?parent=8543"}],"wp:term":[{"taxonomy":"product_brand","embeddable":true,"href":"https:\/\/electricacorsil.cl\/en\/wp-json\/wp\/v2\/product_brand?post=8543"},{"taxonomy":"product_cat","embeddable":true,"href":"https:\/\/electricacorsil.cl\/en\/wp-json\/wp\/v2\/product_cat?post=8543"},{"taxonomy":"product_tag","embeddable":true,"href":"https:\/\/electricacorsil.cl\/en\/wp-json\/wp\/v2\/product_tag?post=8543"}],"curies":[{"name":"wp","href":"https:\/\/api.w.org\/{rel}","templated":true}]}}