{"id":7804,"date":"2025-07-29T22:41:30","date_gmt":"2025-07-30T01:41:30","guid":{"rendered":"https:\/\/electricacorsil.cl\/product\/panel-led-cuadrado-sobrepuesto-12w-6500k-pvc\/"},"modified":"2026-02-09T12:53:04","modified_gmt":"2026-02-09T15:53:04","slug":"panel-led-cuadrado-sobrepuesto-12w-6500k-pvc","status":"publish","type":"product","link":"https:\/\/electricacorsil.cl\/en\/product\/panel-led-cuadrado-sobrepuesto-12w-6500k-pvc\/","title":{"rendered":"PANEL LED CUADRADO SOBREPUESTO 12W 6500K (PVC)"},"content":{"rendered":"<p><strong>PANEL LED CUADRADO SOBREPUESTO 12W 6500K (PVC)<\/strong><\/p>\n<ul>\n<li>Consumo: SOBREPUESTO<\/li>\n<li>Tipo de luz: luz fr\u00eda ideal para espacios de trabajo o iluminaci\u00f3n general intensa<\/li>\n<li>Base est\u00e1ndar: otro tipo de base<\/li>\n<li>Alta eficiencia energ\u00e9tica y larga duraci\u00f3n<\/li>\n<li>Ideal para reemplazo de ampolletas tradicionales<\/li>\n<\/ul>\n<p>Producto de alta calidad, respaldo de garant\u00eda y entrega inmediata. Trabajamos con la reconocida marca Stanford Electric.<\/p>","protected":false},"excerpt":{"rendered":"<p>PANEL LED CUADRADO SOBREPUESTO 12W 6500K (PVC) Consumo: SOBREPUESTO Tipo de luz: luz fr\u00eda ideal para espacios de trabajo o iluminaci\u00f3n general intensa Base est\u00e1ndar: otro tipo de base Alta<\/p>","protected":false},"featured_media":7639,"comment_status":"closed","ping_status":"open","template":"","meta":{"_acf_changed":false},"product_brand":[],"product_cat":[616],"product_tag":[],"class_list":{"0":"post-7804","1":"product","2":"type-product","3":"status-publish","4":"has-post-thumbnail","6":"product_cat-sobrepuestos","8":"first","9":"instock","10":"purchasable","11":"product-type-simple"},"acf":[],"_links":{"self":[{"href":"https:\/\/electricacorsil.cl\/en\/wp-json\/wp\/v2\/product\/7804","targetHints":{"allow":["GET"]}}],"collection":[{"href":"https:\/\/electricacorsil.cl\/en\/wp-json\/wp\/v2\/product"}],"about":[{"href":"https:\/\/electricacorsil.cl\/en\/wp-json\/wp\/v2\/types\/product"}],"replies":[{"embeddable":true,"href":"https:\/\/electricacorsil.cl\/en\/wp-json\/wp\/v2\/comments?post=7804"}],"version-history":[{"count":1,"href":"https:\/\/electricacorsil.cl\/en\/wp-json\/wp\/v2\/product\/7804\/revisions"}],"predecessor-version":[{"id":10985,"href":"https:\/\/electricacorsil.cl\/en\/wp-json\/wp\/v2\/product\/7804\/revisions\/10985"}],"wp:featuredmedia":[{"embeddable":true,"href":"https:\/\/electricacorsil.cl\/en\/wp-json\/wp\/v2\/media\/7639"}],"wp:attachment":[{"href":"https:\/\/electricacorsil.cl\/en\/wp-json\/wp\/v2\/media?parent=7804"}],"wp:term":[{"taxonomy":"product_brand","embeddable":true,"href":"https:\/\/electricacorsil.cl\/en\/wp-json\/wp\/v2\/product_brand?post=7804"},{"taxonomy":"product_cat","embeddable":true,"href":"https:\/\/electricacorsil.cl\/en\/wp-json\/wp\/v2\/product_cat?post=7804"},{"taxonomy":"product_tag","embeddable":true,"href":"https:\/\/electricacorsil.cl\/en\/wp-json\/wp\/v2\/product_tag?post=7804"}],"curies":[{"name":"wp","href":"https:\/\/api.w.org\/{rel}","templated":true}]}}