{"id":10027,"date":"2025-12-19T20:44:26","date_gmt":"2025-12-19T23:44:26","guid":{"rendered":"https:\/\/electricacorsil.cl\/product\/grampa-retencion-pal-50-70mm2\/"},"modified":"2026-02-09T12:27:01","modified_gmt":"2026-02-09T15:27:01","slug":"grampa-retencion-pal-50-70mm2","status":"publish","type":"product","link":"https:\/\/electricacorsil.cl\/en\/product\/grampa-retencion-pal-50-70mm2\/","title":{"rendered":"GRAMPA RETENCION PAL 50-70MM2"},"content":{"rendered":"<p><strong>GRAMPA RETENCION PAL 50-70MM2<\/strong><\/p>\n<ul>\n<li>Tipo: Producto<\/li>\n<li>Categor\u00eda: GRAMPAS<\/li>\n<li>Materiales resistentes y terminaci\u00f3n prolija para una instalaci\u00f3n durable<\/li>\n<li>Recomendado para proyectos residenciales y comerciales<\/li>\n<\/ul>\n<p>Producto confiable para una instalaci\u00f3n segura y ordenada. Soporte postventa y entrega r\u00e1pida.<\/p>","protected":false},"excerpt":{"rendered":"<p>GRAMPA RETENCION PAL 50-70MM2 Tipo: Producto Categor\u00eda: GRAMPAS Materiales resistentes y terminaci\u00f3n prolija para una instalaci\u00f3n durable Recomendado para proyectos residenciales y comerciales Producto confiable para una instalaci\u00f3n segura y<\/p>","protected":false},"featured_media":9202,"comment_status":"closed","ping_status":"open","template":"","meta":{"_acf_changed":false},"product_brand":[],"product_cat":[743],"product_tag":[],"class_list":{"0":"post-10027","1":"product","2":"type-product","3":"status-publish","4":"has-post-thumbnail","6":"product_cat-grampas","8":"first","9":"instock","10":"purchasable","11":"product-type-simple"},"acf":[],"_links":{"self":[{"href":"https:\/\/electricacorsil.cl\/en\/wp-json\/wp\/v2\/product\/10027","targetHints":{"allow":["GET"]}}],"collection":[{"href":"https:\/\/electricacorsil.cl\/en\/wp-json\/wp\/v2\/product"}],"about":[{"href":"https:\/\/electricacorsil.cl\/en\/wp-json\/wp\/v2\/types\/product"}],"replies":[{"embeddable":true,"href":"https:\/\/electricacorsil.cl\/en\/wp-json\/wp\/v2\/comments?post=10027"}],"version-history":[{"count":1,"href":"https:\/\/electricacorsil.cl\/en\/wp-json\/wp\/v2\/product\/10027\/revisions"}],"predecessor-version":[{"id":10028,"href":"https:\/\/electricacorsil.cl\/en\/wp-json\/wp\/v2\/product\/10027\/revisions\/10028"}],"wp:featuredmedia":[{"embeddable":true,"href":"https:\/\/electricacorsil.cl\/en\/wp-json\/wp\/v2\/media\/9202"}],"wp:attachment":[{"href":"https:\/\/electricacorsil.cl\/en\/wp-json\/wp\/v2\/media?parent=10027"}],"wp:term":[{"taxonomy":"product_brand","embeddable":true,"href":"https:\/\/electricacorsil.cl\/en\/wp-json\/wp\/v2\/product_brand?post=10027"},{"taxonomy":"product_cat","embeddable":true,"href":"https:\/\/electricacorsil.cl\/en\/wp-json\/wp\/v2\/product_cat?post=10027"},{"taxonomy":"product_tag","embeddable":true,"href":"https:\/\/electricacorsil.cl\/en\/wp-json\/wp\/v2\/product_tag?post=10027"}],"curies":[{"name":"wp","href":"https:\/\/api.w.org\/{rel}","templated":true}]}}